{"id":2,"date":"2025-08-31T23:28:13","date_gmt":"2025-08-31T23:28:13","guid":{"rendered":"https:\/\/www.riadjnaneimlil.net\/?page_id=2"},"modified":"2026-03-24T22:29:27","modified_gmt":"2026-03-24T22:29:27","slug":"promotion-2026","status":"publish","type":"page","link":"https:\/\/www.riadjnaneimlil.net\/","title":{"rendered":"Promotion 2026"},"content":{"rendered":"\n<p>Valable jusqu\u2019\u00e0 fin 30 Sept 2026&nbsp;<strong><u>(tarifs fixes)<\/u><\/strong><\/p>\n\n\n\n<figure class=\"wp-block-image size-large\"><img fetchpriority=\"high\" decoding=\"async\" width=\"1024\" height=\"768\" src=\"https:\/\/www.riadjnaneimlil.net\/wp-content\/uploads\/2026\/03\/Riad-Jnane-Imlil-with-snow-1024x768.jpeg\" alt=\"\" class=\"wp-image-24\" srcset=\"https:\/\/www.riadjnaneimlil.net\/wp-content\/uploads\/2026\/03\/Riad-Jnane-Imlil-with-snow-1024x768.jpeg 1024w, https:\/\/www.riadjnaneimlil.net\/wp-content\/uploads\/2026\/03\/Riad-Jnane-Imlil-with-snow-300x225.jpeg 300w, https:\/\/www.riadjnaneimlil.net\/wp-content\/uploads\/2026\/03\/Riad-Jnane-Imlil-with-snow-768x576.jpeg 768w, https:\/\/www.riadjnaneimlil.net\/wp-content\/uploads\/2026\/03\/Riad-Jnane-Imlil-with-snow.jpeg 1280w\" sizes=\"(max-width: 1024px) 100vw, 1024px\" \/><\/figure>\n\n\n\n<p><br><strong>Chambre sup\u00e9rieure avec balcon (vue vall\u00e9e): 660 dhs \/ 2 pers \/ nuit avec petit d\u00e9jeuner.&nbsp;<\/strong><a href=\"https:\/\/www.riadjnaneimlil.com\/marrakech-suite.html\" target=\"_blank\" rel=\"noreferrer noopener\">https:\/\/www.riadjnaneimlil.com\/marrakech-suite.html<\/a>&nbsp;\/&nbsp;<em><a href=\"https:\/\/www.instagram.com\/p\/Cl32xMfqeb7\/?utm_source=ig_web_copy_link&amp;igsh=MzRlODBiNWFlZA==\" target=\"_blank\" rel=\"noreferrer noopener\">https:\/\/www.instagram.com\/p\/Cl32xMfqeb7\/?utm_source=ig_web_copy_link&amp;igsh=MzRlODBiNWFlZA==<\/a><\/em><br><br>**************************************<\/p>\n\n\n\n<p><strong>Chambre sup\u00e9rieure avec balcon (vue vall\u00e9e): 660dhs \/ 2 pers \/ nuit avec petit d\u00e9jeuner.&nbsp;<\/strong><a href=\"https:\/\/www.riadjnaneimlil.com\/fes-suite.html\" target=\"_blank\" rel=\"noreferrer noopener\">https:\/\/www.riadjnaneimlil.com\/fes-suite.html<\/a>&nbsp;\/&nbsp;<em><a href=\"https:\/\/www.instagram.com\/p\/Cl32R2tqDvS\/?utm_source=ig_web_copy_link&amp;igsh=MzRlODBiNWFlZA==\" target=\"_blank\" rel=\"noreferrer noopener\">https:\/\/www.instagram.com\/p\/Cl32R2tqDvS\/?utm_source=ig_web_copy_link&amp;igsh=MzRlODBiNWFlZA==<\/a><\/em><\/p>\n\n\n\n<p>**************************************<\/p>\n\n\n\n<p><strong>Suite sup\u00e9rieure avec balcon (vue jardin):<\/strong>  <a href=\"https:\/\/www.riadjnaneimlil.com\/ouarzazate-suite.html\" target=\"_blank\" rel=\"noreferrer noopener\">https:\/\/www.riadjnaneimlil.com\/ouarzazate-suite.html&nbsp;<\/a>     \/  <a href=\"https:\/\/www.instagram.com\/p\/Cl32iAfq4yq\/?utm_source=ig_web_copy_link&amp;igsh=MzRlODBiNWFlZA==\" target=\"_blank\" rel=\"noreferrer noopener\">https:\/\/www.instagram.com\/p\/Cl32iAfq4yq\/?utm_source=ig_web_copy_link&amp;igsh=MzRlODBiNWFlZA==<\/a><\/p>\n\n\n\n<ul class=\"wp-block-list\">\n<li>660 dhs \/ 2 pers \/ nuit avec petit d\u00e9jeuner.<\/li>\n\n\n\n<li>990 dhs \/ 3 pers \/ nuit avec petit d\u00e9jeuner.<\/li>\n\n\n\n<li>1160 dhs \/ 4 pers \/ nuit avec petit d\u00e9jeuner.<\/li>\n<\/ul>\n\n\n\n<p>**************************************<\/p>\n\n\n\n<p><strong>Chambre sup\u00e9rieure avec balcon&nbsp;(vue vall\u00e9e):<\/strong>&nbsp;660 dhs \/ 2 pers \/ nuit avec petit d\u00e9jeuner.&nbsp;<a href=\"https:\/\/www.riadjnaneimlil.com\/tangier-suite.html\" target=\"_blank\" rel=\"noreferrer noopener\">https:\/\/www.riadjnaneimlil.com\/tangier-suite.html<\/a>&nbsp;\/&nbsp;<em><a href=\"https:\/\/www.instagram.com\/p\/Cl32H-uKMNl\/?utm_source=ig_web_copy_link&amp;igsh=MzRlODBiNWFlZA==\" target=\"_blank\" rel=\"noreferrer noopener\">https:\/\/www.instagram.com\/p\/Cl32H-uKMNl\/?utm_source=ig_web_copy_link&amp;igsh=MzRlODBiNWFlZA==<\/a><\/em><\/p>\n\n\n\n<p>**************************************<\/p>\n\n\n\n<p><strong>Suite familiale avec balcon (vue rivi\u00e8re):<\/strong>  <a href=\"https:\/\/www.riadjnaneimlil.com\/authentic-berber-suite.html\" target=\"_blank\" rel=\"noreferrer noopener\">https:\/\/www.riadjnaneimlil.com\/authentic-berber-suite.html<\/a><\/p>\n\n\n\n<p><a href=\"https:\/\/www.instagram.com\/p\/CmHWDzjKpAC\/?utm_source=ig_web_copy_link&amp;igsh=MzRlODBiNWFlZA==\" target=\"_blank\" rel=\"noreferrer noopener\">https:\/\/www.instagram.com\/p\/CmHWDzjKpAC\/utm_source=ig_web_copy_link&amp;igsh=MzRlODBiNWFlZA==<\/a><\/p>\n\n\n\n<blockquote class=\"wp-block-quote is-layout-flow wp-block-quote-is-layout-flow\">\n<ul class=\"wp-block-list\">\n<li>850 dhs \/ 2 pers \/ nuit avec petit d\u00e9jeuner.<\/li>\n\n\n\n<li>1000 dhs&nbsp; \/ 3 pers\/ nuit avec petit d\u00e9jeuner.<\/li>\n\n\n\n<li>1150 dhs \/ 4 pers \/ nuit avec petit d\u00e9jeuner.<\/li>\n<\/ul>\n<\/blockquote>\n\n\n\n<p><strong>Suite deluxe Toubkal avec balcon (vue piscine &amp; Mt Toubkal):&nbsp;<\/strong>1300 dhs \/ nuit avec petit d\u00e9jeuner.<br><a href=\"https:\/\/www.riadjnaneimlil.com\/toubkal-suite.html\">https:\/\/www.riadjnaneimlil.com\/toubkal-suite.html<\/a>&nbsp;\/&nbsp;<a href=\"https:\/\/www.instagram.com\/p\/Cl31vw6qEak\/?utm_source=ig_web_copy_link&amp;igsh=MzRlODBiNWFlZA==\"><em>https:\/\/www.instagram.com\/p\/Cl31vw6qEak\/?utm_source=ig_web_copy_link&amp;igsh=MzRlODBiNWFlZA==<\/em><\/a><\/p>\n\n\n\n<p>**************************************<\/p>\n\n\n\n<p><strong>Suite deluxe Casablanca&nbsp;avec balcon (vue piscine &amp; Mt Toubkal)<\/strong>: 1300 dhs \/ 2 pers \/ nuit avec petit d\u00e9jeuner.&nbsp;<a href=\"https:\/\/www.riadjnaneimlil.com\/casablanca-grand-suite.html\">https:\/\/www.riadjnaneimlil.com\/casablanca-grand-suite.html<\/a>&nbsp;\/&nbsp;<a href=\"https:\/\/www.instagram.com\/p\/Cl3zRmyqgAu\/?utm_source=ig_web_copy_link&amp;igsh=MzRlODBiNWFlZA==\"><em>https:\/\/www.instagram.com\/p\/Cl3zRmyqgAu\/?utm_source=ig_web_copy_link&amp;igsh=MzRlODBiNWFlZA==<\/em><\/a><\/p>\n\n\n\n<p>**************************************<\/p>\n\n\n\n<p><strong>Suite Agadir avec balcon (vue sur le village et champs)<\/strong>&nbsp;: 1100 dhs \/ 2 pers \/ nuit avec petit d\u00e9jeuner.&nbsp;<a href=\"https:\/\/www.riadjnaneimlil.com\/agadir-suite.html\">https:\/\/www.riadjnaneimlil.com\/agadir-suite.html<\/a>&nbsp;\/&nbsp;<a href=\"https:\/\/www.instagram.com\/p\/Cl31dK5KcUR\/?utm_source=ig_web_copy_link&amp;igsh=MzRlODBiNWFlZA==\"><em>https:\/\/www.instagram.com\/p\/Cl31dK5KcUR\/?utm_source=ig_web_copy_link&amp;igsh=MzRlODBiNWFlZA==<\/em><\/a><\/p>\n\n\n\n<p>**************************************<\/p>\n\n\n\n<p><strong>Suite Assif avec une petite terrasse (Vue rivi\u00e8re):<\/strong> <a href=\"https:\/\/www.riadjnaneimlil.com\/assif-suite-river-view-atlas-mountains.html\" target=\"_blank\" rel=\"noreferrer noopener\">https:\/\/www.riadjnaneimlil.com\/assif-suite-river-view-atlas-mountains.html<\/a>   \/  <a href=\"https:\/\/www.instagram.com\/p\/Cl63AtXKlQT\/?utm_source=ig_web_copy_link&amp;igsh=MzRlODBiNWFlZA==\" target=\"_blank\" rel=\"noreferrer noopener\"><sup>https:\/\/www.instagram.com\/p\/Cl63AtXKlQT\/?utm_source=ig_web_copy_link&amp;igsh=MzRlODBiNWFlZA==<\/sup><\/a><\/p>\n\n\n\n<ul class=\"wp-block-list\">\n<li>850 dhs \/ 2 pers \/ nuit avec petit d\u00e9jeuner.<\/li>\n\n\n\n<li>1000 dhs&nbsp; \/ 3 pers\/ nuit avec petit d\u00e9jeuner.<\/li>\n\n\n\n<li>1150 dhs \/ 4 pers \/ nuit avec petit d\u00e9jeuner.<\/li>\n<\/ul>\n\n\n\n<p>**************************************<\/p>\n\n\n\n<p>Challet suite avec balcon&nbsp;: 1300 dhs \/ 2 pers \/ nuit avec petit d\u00e9jeuner&nbsp;<a href=\"https:\/\/www.riadjnaneimlil.com\/luxury-chalet-suite-atlas-mountains.html\">https:\/\/www.riadjnaneimlil.com\/luxury-chalet-suite-atlas-mountains.html<\/a><\/p>\n\n\n\n<p>**************************************<\/p>\n\n\n\n<ul class=\"wp-block-list\">\n<li>Chambre duplex (vue sur piscine): 750 dhs \/ 2 pers \/ nuit avec petit d\u00e9jeuner.<\/li>\n\n\n\n<li>Promotion: 700 dhs \/ nuit \u00e0 partir de 2 nuits.<\/li>\n\n\n\n<li><a href=\"https:\/\/www.instagram.com\/reel\/DL-bLpiNrQg\/\">https:\/\/www.instagram.com\/reel\/DL-bLpiNrQg\/<\/a><\/li>\n<\/ul>\n\n\n\n<p>**************************************<\/p>\n\n\n\n<ul class=\"wp-block-list\">\n<li>Chalet avec balcon (vue piscine): 950 dhs \/ 2 pers \/ nuit avec petit d\u00e9jeuner.<\/li>\n\n\n\n<li>Promotion: 850 dhs \/ nuit \u00e0 partir de 2 nuits.<\/li>\n\n\n\n<li><a href=\"https:\/\/www.instagram.com\/reel\/DL-V5outLzb\/\">https:\/\/www.instagram.com\/reel\/DL-V5outLzb\/<\/a><\/li>\n<\/ul>\n\n\n\n<p>**************************************<\/p>\n\n\n\n<ul class=\"wp-block-list\">\n<li>Chalet vue montagne : 1100 dhs \/ nuit avec petit d\u00e9jeuner.<\/li>\n\n\n\n<li>Promotion: 1000 dhs \/ nuit \u00e0 partir de 2 nuits.<\/li>\n\n\n\n<li><a href=\"https:\/\/www.instagram.com\/reel\/DMq80FlN9f9\/?utm_source=ig_web_copy_link\">https:\/\/www.instagram.com\/reel\/DMq80FlN9f9\/?utm_source=ig_web_copy_link<\/a><\/li>\n<\/ul>\n\n\n\n<p>**************************************<\/p>\n\n\n\n<p>Chambre duplex familiale : 850 dhs \/ nuit avec petit d\u00e9jeuner.&nbsp;<a href=\"https:\/\/www.instagram.com\/p\/DNRX2Wjtyzd\/?utm_source=ig_web_copy_link&amp;igsh=MzRlODBiNWFlZA==\">https:\/\/www.instagram.com\/p\/DNRX2Wjtyzd\/?utm_source=ig_web_copy_link&amp;igsh=MzRlODBiNWFlZA==<\/a><\/p>\n\n\n\n<p>**************************************<\/p>\n\n\n\n<p>Note : Les tarifs sont par chambre double pour 2 personnes petit d\u00e9jeuner inclus.<\/p>\n\n\n\n<blockquote class=\"wp-block-quote is-layout-flow wp-block-quote-is-layout-flow\">\n<h4 class=\"wp-block-heading\"><strong>*&nbsp; Lit suppl\u00e9mentaire dans la chambre:<\/strong><\/h4>\n<\/blockquote>\n\n\n\n<blockquote class=\"wp-block-quote is-layout-flow wp-block-quote-is-layout-flow\">\n<ul class=\"wp-block-list\">\n<li>Moins de 3 ans: gratuit.<\/li>\n\n\n\n<li>Entre 4 \u2013 10 ans : 150 dhs.<\/li>\n\n\n\n<li>Plus de 11 \u2013 12 ans : 200 dhs.<\/li>\n\n\n\n<li>A partir de 13 ans: 250 dhs<br>\u2014\u2014\u2014\u2014\u2014\u2013<\/li>\n<\/ul>\n<\/blockquote>\n\n\n\n<p>&#x2666; Acc\u00e8s piscine gratuit pour les r\u00e9sidents au Riad (Mai \u2013 Sept).<\/p>\n\n\n\n<p>&#x2666; HAMMAM BELDI priv\u00e9 disponible sur demande: 150 dhs \/ personne.&nbsp;<\/p>\n\n\n\n<h3 class=\"wp-block-heading\"><strong>REPAS<\/strong><\/h3>\n\n\n\n<h6 class=\"wp-block-heading\"><strong>D\u00eener: 170 \u2013 250 dhs \/ personne<\/strong>&nbsp;\u2013 Horaire : 18h30 \u2013 20h30<\/h6>\n\n\n\n<p>Sur commande \u00e0 l\u2019avance (choix selon le menu du jour)<\/p>\n\n\n\n<p><strong>Petit d\u00e9jeuner : inclus \u2013 Horaire: 08h00 \u2013 10h30<\/strong><\/p>\n\n\n\n<h4 class=\"wp-block-heading\"><strong>Check in \u00e0 partir de 15h00 \u2013 Check out \u00e0 11h00<\/strong><\/h4>\n\n\n\n<p><strong><em>Veuillez svp noter nos conditions:<\/em><\/strong><\/p>\n\n\n\n<h3 class=\"wp-block-heading\">Conditions<\/h3>\n\n\n\n<ul class=\"wp-block-list\">\n<li>Les boissons alcooliques&nbsp;ne sont pas accept\u00e9es aux Riad (m\u00eame dans les chambres).<\/li>\n\n\n\n<li>Les animaux de compagnie ne sont pas accept\u00e9s aux Riad.<\/li>\n\n\n\n<li>L\u2019acte de mariage est obligatoire pour les couples.<\/li>\n\n\n\n<li>Tout type d\u2019animation \/ f\u00eate n\u2019est pas accept\u00e9 pour la tranquillit\u00e9&nbsp;des clients.&nbsp;<\/li>\n\n\n\n<li>Les chambres sont \u00e9quip\u00e9es de chauffage r\u00e9versible, Il est strictement interdit d\u2019amener des chauffages \u00e9lectriques mobiles ou tout appareil \u00e9lectrique puissant.<\/li>\n\n\n\n<li>Un maillot de bain respectueux est obligatoire pour les femmes dans la piscine (Maillot de bain + Short longue) Mai \u2013 Sept.<\/li>\n\n\n\n<li>La piscine est interdite pour les enfants de moins de 10 ans sans gillets et la pr\u00e9sence des parents, veuillez amener le gilet gonflable de natation pour la s\u00e9curit\u00e9 de vos enfants.<\/li>\n<\/ul>\n\n\n\n<p>Veuillez noter que la piscine est fonctionnelle mais n\u2019est pas chauff\u00e9e.<\/p>\n\n\n\n<p><strong>Contact \/ R\u00e9servation: <\/strong><br>Whatsapp \/ appel: +212 661 30 15 44  &#8211; Tel:+212 524 48 47 04<br><strong>Email:<\/strong>&nbsp;riadjnaneimlil@gmail.com<\/p>\n","protected":false},"excerpt":{"rendered":"<p>Valable jusqu\u2019\u00e0 fin 30 Sept 2026&nbsp;(tarifs fixes) Chambre sup\u00e9rieure avec balcon (vue vall\u00e9e): 660 dhs \/ 2 pers \/ nuit avec petit d\u00e9jeuner.&nbsp;https:\/\/www.riadjnaneimlil.com\/marrakech-suite.html&nbsp;\/&nbsp;https:\/\/www.instagram.com\/p\/Cl32xMfqeb7\/?utm_source=ig_web_copy_link&amp;igsh=MzRlODBiNWFlZA== ************************************** Chambre sup\u00e9rieure avec balcon (vue vall\u00e9e): 660dhs \/ 2 pers \/ nuit avec petit d\u00e9jeuner.&nbsp;https:\/\/www.riadjnaneimlil.com\/fes-suite.html&nbsp;\/&nbsp;https:\/\/www.instagram.com\/p\/Cl32R2tqDvS\/?utm_source=ig_web_copy_link&amp;igsh=MzRlODBiNWFlZA== ************************************** Suite sup\u00e9rieure avec balcon (vue jardin): https:\/\/www.riadjnaneimlil.com\/ouarzazate-suite.html&nbsp; \/ https:\/\/www.instagram.com\/p\/Cl32iAfq4yq\/?utm_source=ig_web_copy_link&amp;igsh=MzRlODBiNWFlZA== ************************************** Chambre sup\u00e9rieure avec balcon&nbsp;(vue vall\u00e9e):&nbsp;660 [&hellip;]<\/p>\n","protected":false},"author":1,"featured_media":0,"parent":0,"menu_order":0,"comment_status":"closed","ping_status":"closed","template":"","meta":{"footnotes":""},"class_list":["post-2","page","type-page","status-publish","hentry"],"_links":{"self":[{"href":"https:\/\/www.riadjnaneimlil.net\/index.php?rest_route=\/wp\/v2\/pages\/2","targetHints":{"allow":["GET"]}}],"collection":[{"href":"https:\/\/www.riadjnaneimlil.net\/index.php?rest_route=\/wp\/v2\/pages"}],"about":[{"href":"https:\/\/www.riadjnaneimlil.net\/index.php?rest_route=\/wp\/v2\/types\/page"}],"author":[{"embeddable":true,"href":"https:\/\/www.riadjnaneimlil.net\/index.php?rest_route=\/wp\/v2\/users\/1"}],"replies":[{"embeddable":true,"href":"https:\/\/www.riadjnaneimlil.net\/index.php?rest_route=%2Fwp%2Fv2%2Fcomments&post=2"}],"version-history":[{"count":17,"href":"https:\/\/www.riadjnaneimlil.net\/index.php?rest_route=\/wp\/v2\/pages\/2\/revisions"}],"predecessor-version":[{"id":42,"href":"https:\/\/www.riadjnaneimlil.net\/index.php?rest_route=\/wp\/v2\/pages\/2\/revisions\/42"}],"wp:attachment":[{"href":"https:\/\/www.riadjnaneimlil.net\/index.php?rest_route=%2Fwp%2Fv2%2Fmedia&parent=2"}],"curies":[{"name":"wp","href":"https:\/\/api.w.org\/{rel}","templated":true}]}}